{"id":643,"date":"2026-03-16T14:59:27","date_gmt":"2026-03-16T11:59:27","guid":{"rendered":"https:\/\/terminal.istanbul\/en\/?page_id=643"},"modified":"2026-03-16T16:25:48","modified_gmt":"2026-03-16T13:25:48","slug":"cookie-notice","status":"publish","type":"page","link":"https:\/\/terminal.istanbul\/en\/cookie-notice\/","title":{"rendered":"Cookie Notice"},"content":{"rendered":"<p><div class=\"fusion-fullwidth fullwidth-box fusion-builder-row-1 fusion-flex-container has-pattern-background has-mask-background fusion-parallax-none hundred-percent-fullwidth non-hundred-percent-height-scrolling\" style=\"--awb-border-radius-top-left:0px;--awb-border-radius-top-right:0px;--awb-border-radius-bottom-right:0px;--awb-border-radius-bottom-left:0px;--awb-padding-top:0px;--awb-padding-right:0px;--awb-padding-bottom:0px;--awb-padding-left:0px;--awb-margin-top:0px;--awb-margin-bottom:0px;--awb-background-color:var(--awb-color4);--awb-background-image:url(&quot;https:\/\/terminal.istanbul\/wp-content\/uploads\/2026\/03\/terminal-istanbul-cerez-aydinlatma-metni.jpg&quot;);--awb-background-size:cover;--awb-flex-wrap:wrap;\" ><div class=\"fusion-builder-row fusion-row fusion-flex-align-items-center fusion-flex-justify-content-space-between fusion-flex-content-wrap\" style=\"width:calc( 100% + 0px ) !important;max-width:calc( 100% + 0px ) !important;margin-left: calc(-0px \/ 2 );margin-right: calc(-0px \/ 2 );\"><div class=\"fusion-layout-column fusion_builder_column fusion-builder-column-0 fusion_builder_column_1_3 1_3 fusion-flex-column\" style=\"--awb-bg-size:cover;--awb-width-large:33.333333333333%;--awb-margin-top-large:0px;--awb-spacing-right-large:0px;--awb-margin-bottom-large:0px;--awb-spacing-left-large:0px;--awb-width-medium:33.333333333333%;--awb-order-medium:0;--awb-spacing-right-medium:0px;--awb-spacing-left-medium:0px;--awb-width-small:100%;--awb-order-small:0;--awb-spacing-right-small:0px;--awb-spacing-left-small:0px;\"><div class=\"fusion-column-wrapper fusion-column-has-shadow fusion-flex-justify-content-flex-start fusion-content-layout-column\"><\/div><\/div><div class=\"fusion-layout-column fusion_builder_column fusion-builder-column-1 fusion_builder_column_1_3 1_3 fusion-flex-column\" style=\"--awb-padding-top:10%;--awb-padding-right:10%;--awb-padding-bottom:10%;--awb-padding-left:10%;--awb-bg-color:var(--awb-color4);--awb-bg-color-hover:var(--awb-color4);--awb-bg-size:cover;--awb-width-large:33.333333333333%;--awb-margin-top-large:0px;--awb-spacing-right-large:0px;--awb-margin-bottom-large:0px;--awb-spacing-left-large:0px;--awb-width-medium:33.333333333333%;--awb-order-medium:0;--awb-spacing-right-medium:0px;--awb-spacing-left-medium:0px;--awb-width-small:100%;--awb-order-small:0;--awb-spacing-right-small:0px;--awb-spacing-left-small:0px;\" data-scroll-devices=\"small-visibility,medium-visibility,large-visibility\"><div class=\"fusion-column-wrapper fusion-column-has-shadow fusion-flex-justify-content-flex-start fusion-content-layout-column\"><div class=\"fusion-title title fusion-title-1 fusion-sep-none fusion-title-center fusion-title-text fusion-title-size-three\" style=\"--awb-text-color:var(--awb-color1);--awb-margin-top-small:10px;--awb-margin-right-small:0px;--awb-margin-bottom-small:10px;--awb-margin-left-small:0px;\"><h3 class=\"fusion-title-heading title-heading-center\" style=\"margin:0;\">Cookie Notice<\/h3><\/div><\/div><\/div><div class=\"fusion-layout-column fusion_builder_column fusion-builder-column-2 fusion_builder_column_1_3 1_3 fusion-flex-column\" style=\"--awb-padding-top:10%;--awb-padding-right:10%;--awb-padding-bottom:10%;--awb-padding-left:10%;--awb-bg-size:cover;--awb-width-large:33.333333333333%;--awb-margin-top-large:0px;--awb-spacing-right-large:0px;--awb-margin-bottom-large:0px;--awb-spacing-left-large:0px;--awb-width-medium:33.333333333333%;--awb-order-medium:0;--awb-spacing-right-medium:0px;--awb-spacing-left-medium:0px;--awb-width-small:100%;--awb-order-small:0;--awb-spacing-right-small:0px;--awb-spacing-left-small:0px;\"><div class=\"fusion-column-wrapper fusion-column-has-shadow fusion-flex-justify-content-flex-start fusion-content-layout-column\"><\/div><\/div><\/div><\/div><div class=\"fusion-fullwidth fullwidth-box fusion-builder-row-2 fusion-flex-container has-pattern-background has-mask-background nonhundred-percent-fullwidth non-hundred-percent-height-scrolling\" style=\"--awb-border-radius-top-left:0px;--awb-border-radius-top-right:0px;--awb-border-radius-bottom-right:0px;--awb-border-radius-bottom-left:0px;--awb-margin-top:4%;--awb-flex-wrap:wrap;\" ><div class=\"fusion-builder-row fusion-row fusion-flex-align-items-flex-start fusion-flex-content-wrap\" style=\"max-width:1248px;margin-left: calc(-4% \/ 2 );margin-right: calc(-4% \/ 2 );\"><div class=\"fusion-layout-column fusion_builder_column fusion-builder-column-3 fusion_builder_column_1_1 1_1 fusion-flex-column\" style=\"--awb-bg-size:cover;--awb-width-large:100%;--awb-margin-top-large:0px;--awb-spacing-right-large:1.92%;--awb-margin-bottom-large:20px;--awb-spacing-left-large:1.92%;--awb-width-medium:100%;--awb-order-medium:0;--awb-spacing-right-medium:1.92%;--awb-spacing-left-medium:1.92%;--awb-width-small:100%;--awb-order-small:0;--awb-spacing-right-small:1.92%;--awb-spacing-left-small:1.92%;\"><div class=\"fusion-column-wrapper fusion-column-has-shadow fusion-flex-justify-content-flex-start fusion-content-layout-column\"><div class=\"fusion-text fusion-text-1\"><p>Terminal Istanbul<\/p>\n<\/div><div class=\"fusion-title title fusion-title-2 fusion-sep-none fusion-title-text fusion-title-size-three\" style=\"--awb-margin-top-small:10px;--awb-margin-right-small:0px;--awb-margin-bottom-small:10px;--awb-margin-left-small:0px;\"><h3 class=\"fusion-title-heading title-heading-left\" style=\"margin:0;\">Website Cookie Notice<\/h3><\/div><div class=\"fusion-text fusion-text-2\"><p>Bili\u015fim Vadisi Teknopark Y\u00f6netici A.\u015e. (\u201cCompany\u201d) uses certain technologies such as cookies, pixels and GIFs (\u201ccookies\u201d) in order to improve your experience during your visits to our online platforms. The use of these technologies is carried out in compliance with the applicable legislation, primarily the Personal Data Protection Law No. 6698 (\u201cKVKK\u201d).<\/p>\n<p>This Cookie Notice aims to inform you about the processing of personal data obtained through the use of cookies during the operation of the terminal.istanbul website (\u201cSite\u201d) operated by us and visited by site visitors (\u201cData Subject\u201d). In this notice, we explain which types of cookies we use on our website, for what purposes they are used, and how you can control them.<\/p>\n<p>As a Company, we may stop using the cookies we use on our website, change their types or functions, or add new cookies to our website. Therefore, we reserve the right to amend the provisions of this notice at any time. Any changes made to the current notice will become effective once published on the website or any other public platform. You can find the latest update date at the beginning of the notice.<\/p>\n<p>For more detailed information about the processing of your personal data by the Company, we recommend that you read the Bili\u015fim Vadisi Teknopark Y\u00f6netici A.\u015e. Personal Data Protection and Processing Policy and the Privacy Notice available at terminal.istanbul.<\/p>\n<p><strong>Which Cookies Are Used for Which Purposes?<\/strong><\/p>\n<p><strong>General Information<\/strong><\/p>\n<p>As the Company, we use cookies on our website for various purposes and process your personal data through these cookies. These purposes mainly include:<\/p>\n<ul>\n<li>Performing the basic functions necessary for the operation of the Site. For example, ensuring that logged-in members do not need to re-enter their passwords while navigating between different pages.<\/li>\n<li>Analyzing the Site and improving its performance. For example, integrating different servers on which the Site operates, determining the number of visitors to the Site, making performance adjustments accordingly, or facilitating visitors in finding what they are looking for.<\/li>\n<li>Increasing the functionality of the Site and providing ease of use. For example, enabling sharing on third-party social media platforms via the Site or remembering the username information or search queries of visitors for their next visit.<\/li>\n<\/ul>\n<p>As the Company, we may share your personal data within the scope of this notice, limited to the purposes stated above and in compliance with the legislation, with our suppliers, legally authorized public institutions, and private persons. We would like to note that the parties to whom the data are transferred may store your personal data on their servers anywhere in the world.<\/p>\n<p><strong>Cookies Used on Our Website<\/strong><\/p>\n<p>You can find the different types of cookies used on our website below. Both first-party cookies (placed by the website you visit) and third\u2011party cookies (placed by servers other than the website you visit) are used on our website.<\/p>\n<p><strong>Mandatory Cookies<\/strong><\/p>\n<p>The use of certain cookies is mandatory for our website to function properly. For example, authentication cookies activated when you log in ensure that your session continues when you move from one page to another on our website.<\/p>\n<\/div>\n<div class=\"table-1\" style=\"--awb-margin-bottom:20px;\">\n<table width=\"100%\">\n<thead>\n<tr>\n<th align=\"left\">Cookie<\/th>\n<th align=\"left\">Explanation<\/th>\n<\/tr>\n<\/thead>\n<tbody>\n<tr>\n<td align=\"left\">\n<div><span lang=\"EN-US\">WSS_FullScreenMode<\/span><\/div>\n<\/td>\n<td align=\"left\">A Microsoft SharePoint cookie used internally by the application to enable communication, identify user sessions, and\/or exchange information with the content manager.<\/td>\n<\/tr>\n<tr>\n<td align=\"left\">Acopendivids &amp; maintab home<\/td>\n<td align=\"left\">Used to ensure that certain areas of the website are displayed correctly. They do not collect personally identifiable information and are deleted after the browser is closed.<\/td>\n<\/tr>\n<\/tbody>\n<\/table>\n<\/div>\n<div class=\"fusion-text fusion-text-3\"><p><strong>Performance and Analytics Cookies<\/strong><\/p>\n<p>These cookies allow us to analyze your use of our website and improve the performance of our website. For example, these cookies help us determine which pages our visitors view the most, whether our website works properly, and detect possible problems.<\/p>\n<\/div>\n<div class=\"table-1\" style=\"--awb-margin-bottom:20px;\">\n<table width=\"100%\">\n<thead>\n<tr>\n<th align=\"left\">Cookie<\/th>\n<th align=\"left\">Explanation<\/th>\n<\/tr>\n<\/thead>\n<tbody>\n<tr>\n<td align=\"left\">__utma, __utmb, __utmc, __utmt, __utmz<\/td>\n<td align=\"left\">Google Analytics cookies collect anonymous data about how users use the site. Information such as visitor numbers and the pages from which users come is stored in these cookies.<\/td>\n<\/tr>\n<\/tbody>\n<\/table>\n<\/div>\n<div class=\"fusion-text fusion-text-4\"><p><strong>How Can I Control the Use of Cookies?<\/strong><\/p>\n<p>You have the option to personalize your preferences regarding cookies by changing the settings of your browser.<\/p>\n<\/div>\n<div class=\"table-1\" style=\"--awb-margin-bottom:20px;\">\n<table width=\"100%\">\n<tbody>\n<tr>\n<td align=\"left\">Adobe Analytics<\/td>\n<td align=\"left\">http:\/\/www.adobe.com\/uk\/privacy\/opt-out.html<\/td>\n<\/tr>\n<tr>\n<td align=\"left\">\n<div><span lang=\"TR\">AOL<\/span><\/div>\n<\/td>\n<td align=\"left\"><a href=\"https:\/\/help.aol.com\/articles\/restore-security-settings-and-enable-cookie-%20%20%20settings-on-browser\">https:\/\/help.aol.com\/articles\/restore-security-settings-and-enable-cookie-%20%20%20settings-on-browser<\/a><\/td>\n<\/tr>\n<tr>\n<td align=\"left\">\n<div><span lang=\"TR\">Google Adwords<\/span><\/div>\n<\/td>\n<td align=\"left\"><a href=\"https:\/\/support.google.com\/ads\/answer\/2662922?hl=en\">https:\/\/support.google.com\/ads\/answer\/2662922?hl=en<\/a><\/td>\n<\/tr>\n<tr>\n<td align=\"left\">Google Analytics<\/td>\n<td align=\"left\">\n<div><span lang=\"TR\"><a href=\"https:\/\/tools.google.com\/dlpage\/gaoptout\">https:\/\/tools.google.com\/dlpage\/gaoptout<\/a><\/span><\/div>\n<\/td>\n<\/tr>\n<tr>\n<td align=\"left\">Google Chrome<\/td>\n<td align=\"left\">\n<div><span lang=\"TR\"><a href=\"http:\/\/www.google.com\/support\/chrome\/bin\/answer.py?hl=en&amp;answer=95647\">http:\/\/www.google.com\/support\/chrome\/bin\/answer.py?hl=en&amp;answer=95647<\/a><\/span><\/div>\n<\/td>\n<\/tr>\n<tr>\n<td align=\"left\">Internet Explorer<\/td>\n<td align=\"left\"><a href=\"https:\/\/support.microsoft.com\/en-us\/help\/17442\/windows-internet-explorer-%20%20%20delete-manage-cookies\">https:\/\/support.microsoft.com\/en-us\/help\/17442\/windows-internet-explorer-%20%20%20delete-manage-cookies<\/a><\/td>\n<\/tr>\n<tr>\n<td align=\"left\">\n<div><span lang=\"TR\">Mozilla Firefox<\/span><\/div>\n<\/td>\n<td align=\"left\"><a href=\"http:\/\/support.mozilla.com\/en-US\/kb\/Cookies\">http:\/\/support.mozilla.com\/en-US\/kb\/Cookies<\/a><\/td>\n<\/tr>\n<tr>\n<td align=\"left\">\n<div><span lang=\"TR\">Opera<\/span><\/div>\n<\/td>\n<td align=\"left\"><a href=\"http:\/\/www.opera.com\/browser\/tutorials\/security\/privacy\">http:\/\/www.opera.com\/browser\/tutorials\/security\/privacy<\/a><\/td>\n<\/tr>\n<tr>\n<td align=\"left\">Safari<\/td>\n<td align=\"left\"><a href=\"https:\/\/support.apple.com\/kb\/ph19214?locale=tr_TR\">https:\/\/support.apple.com\/kb\/ph19214?locale=tr_TR<\/a><\/td>\n<\/tr>\n<\/tbody>\n<\/table>\n<\/div>\n<div class=\"fusion-text fusion-text-5\"><p><strong>What Are Your Rights as a Data Subject?<\/strong><\/p>\n<p>According to Article 11 of the KVKK, data subjects have the right to:<\/p>\n<ul>\n<li>Learn whether personal data is processed,<\/li>\n<li>Request information if personal data has been processed,<\/li>\n<li>Learn the purpose of processing personal data and whether they are used in accordance with that purpose,<\/li>\n<li>Know the third parties to whom personal data is transferred domestically or abroad,<\/li>\n<li>Request correction of personal data if it is incomplete or incorrectly processed and request notification of the correction to third parties to whom personal data has been transferred,<\/li>\n<li>Request deletion or destruction of personal data if the reasons requiring processing no longer exist, even though it has been processed in accordance with the KVKK and other relevant laws, and request notification of the transaction to third parties to whom personal data has been transferred,<\/li>\n<li>Object to the occurrence of a result against the person through the analysis of processed data exclusively by automated systems,<\/li>\n<li>Request compensation for damages in case personal data is processed unlawfully.<\/li>\n<\/ul>\n<p>If you submit your requests regarding the rights mentioned above through the methods specified in the Data Subject Application Form available at terminal.istanbul, your application will be evaluated and concluded as soon as possible and within 30 (thirty) days at the latest.<\/p>\n<p>As a rule, no fee will be charged for such requests; however, the Company reserves the right to charge a fee according to the tariff determined by the Personal Data Protection Board.<\/p>\n<p>The Data Subject acknowledges that if they submit a request that results in their personal data not being used by the Company, they may not fully benefit from the operation of the Site and accepts that any responsibility arising in this context will belong to them.<\/p>\n<\/div><\/div><\/div><\/div><\/div><\/p>\n","protected":false},"excerpt":{"rendered":"","protected":false},"author":3,"featured_media":649,"parent":0,"menu_order":0,"comment_status":"closed","ping_status":"closed","template":"100-width.php","meta":{"footnotes":""},"class_list":["post-643","page","type-page","status-publish","has-post-thumbnail","hentry"],"yoast_head":"<!-- This site is optimized with the Yoast SEO plugin v27.4 - https:\/\/yoast.com\/product\/yoast-seo-wordpress\/ -->\n<title>Cookie Notice - Terminal \u0130stanbul<\/title>\n<meta name=\"robots\" content=\"index, follow, max-snippet:-1, max-image-preview:large, max-video-preview:-1\" \/>\n<link rel=\"canonical\" href=\"https:\/\/terminal.istanbul\/en\/cookie-notice\/\" \/>\n<meta property=\"og:locale\" content=\"tr_TR\" \/>\n<meta property=\"og:type\" content=\"article\" \/>\n<meta property=\"og:title\" content=\"Cookie Notice - Terminal \u0130stanbul\" \/>\n<meta property=\"og:url\" content=\"https:\/\/terminal.istanbul\/en\/cookie-notice\/\" \/>\n<meta property=\"og:site_name\" content=\"Terminal \u0130stanbul\" \/>\n<meta property=\"article:modified_time\" content=\"2026-03-16T13:25:48+00:00\" \/>\n<meta property=\"og:image\" content=\"https:\/\/terminal.istanbul\/en\/wp-content\/uploads\/2026\/03\/terminal-istanbul-cerez-aydinlatma-metni.jpg\" \/>\n\t<meta property=\"og:image:width\" content=\"1920\" \/>\n\t<meta property=\"og:image:height\" content=\"700\" \/>\n\t<meta property=\"og:image:type\" content=\"image\/jpeg\" \/>\n<meta name=\"twitter:card\" content=\"summary_large_image\" \/>\n<meta name=\"twitter:site\" content=\"@termnalistanbul\" \/>\n<meta name=\"twitter:label1\" content=\"Tahmini okuma s\u00fcresi\" \/>\n\t<meta name=\"twitter:data1\" content=\"7 dakika\" \/>\n<script type=\"application\/ld+json\" class=\"yoast-schema-graph\">{\"@context\":\"https:\\\/\\\/schema.org\",\"@graph\":[{\"@type\":\"WebPage\",\"@id\":\"https:\\\/\\\/terminal.istanbul\\\/en\\\/cookie-notice\\\/\",\"url\":\"https:\\\/\\\/terminal.istanbul\\\/en\\\/cookie-notice\\\/\",\"name\":\"Cookie Notice - Terminal \u0130stanbul\",\"isPartOf\":{\"@id\":\"https:\\\/\\\/terminal.istanbul\\\/en\\\/#website\"},\"primaryImageOfPage\":{\"@id\":\"https:\\\/\\\/terminal.istanbul\\\/en\\\/cookie-notice\\\/#primaryimage\"},\"image\":{\"@id\":\"https:\\\/\\\/terminal.istanbul\\\/en\\\/cookie-notice\\\/#primaryimage\"},\"thumbnailUrl\":\"https:\\\/\\\/terminal.istanbul\\\/en\\\/wp-content\\\/uploads\\\/2026\\\/03\\\/terminal-istanbul-cerez-aydinlatma-metni.jpg\",\"datePublished\":\"2026-03-16T11:59:27+00:00\",\"dateModified\":\"2026-03-16T13:25:48+00:00\",\"breadcrumb\":{\"@id\":\"https:\\\/\\\/terminal.istanbul\\\/en\\\/cookie-notice\\\/#breadcrumb\"},\"inLanguage\":\"tr\",\"potentialAction\":[{\"@type\":\"ReadAction\",\"target\":[\"https:\\\/\\\/terminal.istanbul\\\/en\\\/cookie-notice\\\/\"]}]},{\"@type\":\"ImageObject\",\"inLanguage\":\"tr\",\"@id\":\"https:\\\/\\\/terminal.istanbul\\\/en\\\/cookie-notice\\\/#primaryimage\",\"url\":\"https:\\\/\\\/terminal.istanbul\\\/en\\\/wp-content\\\/uploads\\\/2026\\\/03\\\/terminal-istanbul-cerez-aydinlatma-metni.jpg\",\"contentUrl\":\"https:\\\/\\\/terminal.istanbul\\\/en\\\/wp-content\\\/uploads\\\/2026\\\/03\\\/terminal-istanbul-cerez-aydinlatma-metni.jpg\",\"width\":1920,\"height\":700},{\"@type\":\"BreadcrumbList\",\"@id\":\"https:\\\/\\\/terminal.istanbul\\\/en\\\/cookie-notice\\\/#breadcrumb\",\"itemListElement\":[{\"@type\":\"ListItem\",\"position\":1,\"name\":\"Anasayfa\",\"item\":\"https:\\\/\\\/terminal.istanbul\\\/en\\\/\"},{\"@type\":\"ListItem\",\"position\":2,\"name\":\"Cookie Notice\"}]},{\"@type\":\"WebSite\",\"@id\":\"https:\\\/\\\/terminal.istanbul\\\/en\\\/#website\",\"url\":\"https:\\\/\\\/terminal.istanbul\\\/en\\\/\",\"name\":\"Terminal \u0130stanbul\",\"description\":\"Teknolojinin, K\u00fclt\u00fcr\u00fcn ve Gelece\u011fin Kesi\u015fim Noktas\u0131\",\"publisher\":{\"@id\":\"https:\\\/\\\/terminal.istanbul\\\/en\\\/#organization\"},\"alternateName\":\"Terminal \u0130stanbul Kurumsal Web Sitesi\",\"potentialAction\":[{\"@type\":\"SearchAction\",\"target\":{\"@type\":\"EntryPoint\",\"urlTemplate\":\"https:\\\/\\\/terminal.istanbul\\\/en\\\/?s={search_term_string}\"},\"query-input\":{\"@type\":\"PropertyValueSpecification\",\"valueRequired\":true,\"valueName\":\"search_term_string\"}}],\"inLanguage\":\"tr\"},{\"@type\":\"Organization\",\"@id\":\"https:\\\/\\\/terminal.istanbul\\\/en\\\/#organization\",\"name\":\"Terminal \u0130stanbul\",\"alternateName\":\"Terminal \u0130stanbul Kurumsal Web Sitesi\",\"url\":\"https:\\\/\\\/terminal.istanbul\\\/en\\\/\",\"logo\":{\"@type\":\"ImageObject\",\"inLanguage\":\"tr\",\"@id\":\"https:\\\/\\\/terminal.istanbul\\\/en\\\/#\\\/schema\\\/logo\\\/image\\\/\",\"url\":\"https:\\\/\\\/terminal.istanbul\\\/wp-content\\\/uploads\\\/2025\\\/11\\\/Terminal_Istanbul_Logo_C.png\",\"contentUrl\":\"https:\\\/\\\/terminal.istanbul\\\/wp-content\\\/uploads\\\/2025\\\/11\\\/Terminal_Istanbul_Logo_C.png\",\"width\":512,\"height\":165,\"caption\":\"Terminal \u0130stanbul\"},\"image\":{\"@id\":\"https:\\\/\\\/terminal.istanbul\\\/en\\\/#\\\/schema\\\/logo\\\/image\\\/\"},\"sameAs\":[\"https:\\\/\\\/x.com\\\/termnalistanbul\",\"https:\\\/\\\/www.linkedin.com\\\/company\\\/107627044\\\/admin\\\/dashboard\\\/\",\"https:\\\/\\\/www.instagram.com\\\/terminal_istanbul\\\/\"]}]}<\/script>\n<!-- \/ Yoast SEO plugin. -->","yoast_head_json":{"title":"Cookie Notice - Terminal \u0130stanbul","robots":{"index":"index","follow":"follow","max-snippet":"max-snippet:-1","max-image-preview":"max-image-preview:large","max-video-preview":"max-video-preview:-1"},"canonical":"https:\/\/terminal.istanbul\/en\/cookie-notice\/","og_locale":"tr_TR","og_type":"article","og_title":"Cookie Notice - Terminal \u0130stanbul","og_url":"https:\/\/terminal.istanbul\/en\/cookie-notice\/","og_site_name":"Terminal \u0130stanbul","article_modified_time":"2026-03-16T13:25:48+00:00","og_image":[{"width":1920,"height":700,"url":"https:\/\/terminal.istanbul\/en\/wp-content\/uploads\/2026\/03\/terminal-istanbul-cerez-aydinlatma-metni.jpg","type":"image\/jpeg"}],"twitter_card":"summary_large_image","twitter_site":"@termnalistanbul","twitter_misc":{"Tahmini okuma s\u00fcresi":"7 dakika"},"schema":{"@context":"https:\/\/schema.org","@graph":[{"@type":"WebPage","@id":"https:\/\/terminal.istanbul\/en\/cookie-notice\/","url":"https:\/\/terminal.istanbul\/en\/cookie-notice\/","name":"Cookie Notice - Terminal \u0130stanbul","isPartOf":{"@id":"https:\/\/terminal.istanbul\/en\/#website"},"primaryImageOfPage":{"@id":"https:\/\/terminal.istanbul\/en\/cookie-notice\/#primaryimage"},"image":{"@id":"https:\/\/terminal.istanbul\/en\/cookie-notice\/#primaryimage"},"thumbnailUrl":"https:\/\/terminal.istanbul\/en\/wp-content\/uploads\/2026\/03\/terminal-istanbul-cerez-aydinlatma-metni.jpg","datePublished":"2026-03-16T11:59:27+00:00","dateModified":"2026-03-16T13:25:48+00:00","breadcrumb":{"@id":"https:\/\/terminal.istanbul\/en\/cookie-notice\/#breadcrumb"},"inLanguage":"tr","potentialAction":[{"@type":"ReadAction","target":["https:\/\/terminal.istanbul\/en\/cookie-notice\/"]}]},{"@type":"ImageObject","inLanguage":"tr","@id":"https:\/\/terminal.istanbul\/en\/cookie-notice\/#primaryimage","url":"https:\/\/terminal.istanbul\/en\/wp-content\/uploads\/2026\/03\/terminal-istanbul-cerez-aydinlatma-metni.jpg","contentUrl":"https:\/\/terminal.istanbul\/en\/wp-content\/uploads\/2026\/03\/terminal-istanbul-cerez-aydinlatma-metni.jpg","width":1920,"height":700},{"@type":"BreadcrumbList","@id":"https:\/\/terminal.istanbul\/en\/cookie-notice\/#breadcrumb","itemListElement":[{"@type":"ListItem","position":1,"name":"Anasayfa","item":"https:\/\/terminal.istanbul\/en\/"},{"@type":"ListItem","position":2,"name":"Cookie Notice"}]},{"@type":"WebSite","@id":"https:\/\/terminal.istanbul\/en\/#website","url":"https:\/\/terminal.istanbul\/en\/","name":"Terminal \u0130stanbul","description":"Teknolojinin, K\u00fclt\u00fcr\u00fcn ve Gelece\u011fin Kesi\u015fim Noktas\u0131","publisher":{"@id":"https:\/\/terminal.istanbul\/en\/#organization"},"alternateName":"Terminal \u0130stanbul Kurumsal Web Sitesi","potentialAction":[{"@type":"SearchAction","target":{"@type":"EntryPoint","urlTemplate":"https:\/\/terminal.istanbul\/en\/?s={search_term_string}"},"query-input":{"@type":"PropertyValueSpecification","valueRequired":true,"valueName":"search_term_string"}}],"inLanguage":"tr"},{"@type":"Organization","@id":"https:\/\/terminal.istanbul\/en\/#organization","name":"Terminal \u0130stanbul","alternateName":"Terminal \u0130stanbul Kurumsal Web Sitesi","url":"https:\/\/terminal.istanbul\/en\/","logo":{"@type":"ImageObject","inLanguage":"tr","@id":"https:\/\/terminal.istanbul\/en\/#\/schema\/logo\/image\/","url":"https:\/\/terminal.istanbul\/wp-content\/uploads\/2025\/11\/Terminal_Istanbul_Logo_C.png","contentUrl":"https:\/\/terminal.istanbul\/wp-content\/uploads\/2025\/11\/Terminal_Istanbul_Logo_C.png","width":512,"height":165,"caption":"Terminal \u0130stanbul"},"image":{"@id":"https:\/\/terminal.istanbul\/en\/#\/schema\/logo\/image\/"},"sameAs":["https:\/\/x.com\/termnalistanbul","https:\/\/www.linkedin.com\/company\/107627044\/admin\/dashboard\/","https:\/\/www.instagram.com\/terminal_istanbul\/"]}]}},"_links":{"self":[{"href":"https:\/\/terminal.istanbul\/en\/wp-json\/wp\/v2\/pages\/643","targetHints":{"allow":["GET"]}}],"collection":[{"href":"https:\/\/terminal.istanbul\/en\/wp-json\/wp\/v2\/pages"}],"about":[{"href":"https:\/\/terminal.istanbul\/en\/wp-json\/wp\/v2\/types\/page"}],"author":[{"embeddable":true,"href":"https:\/\/terminal.istanbul\/en\/wp-json\/wp\/v2\/users\/3"}],"replies":[{"embeddable":true,"href":"https:\/\/terminal.istanbul\/en\/wp-json\/wp\/v2\/comments?post=643"}],"version-history":[{"count":7,"href":"https:\/\/terminal.istanbul\/en\/wp-json\/wp\/v2\/pages\/643\/revisions"}],"predecessor-version":[{"id":667,"href":"https:\/\/terminal.istanbul\/en\/wp-json\/wp\/v2\/pages\/643\/revisions\/667"}],"wp:featuredmedia":[{"embeddable":true,"href":"https:\/\/terminal.istanbul\/en\/wp-json\/wp\/v2\/media\/649"}],"wp:attachment":[{"href":"https:\/\/terminal.istanbul\/en\/wp-json\/wp\/v2\/media?parent=643"}],"curies":[{"name":"wp","href":"https:\/\/api.w.org\/{rel}","templated":true}]}}