{"id":651,"date":"2026-03-16T15:35:07","date_gmt":"2026-03-16T12:35:07","guid":{"rendered":"https:\/\/terminal.istanbul\/en\/?page_id=651"},"modified":"2026-03-16T16:21:25","modified_gmt":"2026-03-16T13:21:25","slug":"privacy-notice","status":"publish","type":"page","link":"https:\/\/terminal.istanbul\/en\/privacy-notice\/","title":{"rendered":"Privacy Notice"},"content":{"rendered":"<p><div class=\"fusion-fullwidth fullwidth-box fusion-builder-row-1 fusion-flex-container has-pattern-background has-mask-background fusion-parallax-none hundred-percent-fullwidth non-hundred-percent-height-scrolling\" style=\"--awb-border-radius-top-left:0px;--awb-border-radius-top-right:0px;--awb-border-radius-bottom-right:0px;--awb-border-radius-bottom-left:0px;--awb-padding-top:0px;--awb-padding-right:0px;--awb-padding-bottom:0px;--awb-padding-left:0px;--awb-margin-top:0px;--awb-margin-bottom:0px;--awb-background-color:var(--awb-color5);--awb-background-image:url(&quot;https:\/\/terminal.istanbul\/wp-content\/uploads\/2026\/03\/terminal-istanbul-aydinlatma-metni.jpg&quot;);--awb-background-size:cover;--awb-flex-wrap:wrap;\" ><div class=\"fusion-builder-row fusion-row fusion-flex-align-items-center fusion-flex-justify-content-space-between fusion-flex-content-wrap\" style=\"width:calc( 100% + 0px ) !important;max-width:calc( 100% + 0px ) !important;margin-left: calc(-0px \/ 2 );margin-right: calc(-0px \/ 2 );\"><div class=\"fusion-layout-column fusion_builder_column fusion-builder-column-0 fusion_builder_column_1_3 1_3 fusion-flex-column\" style=\"--awb-bg-size:cover;--awb-width-large:33.333333333333%;--awb-margin-top-large:0px;--awb-spacing-right-large:0px;--awb-margin-bottom-large:0px;--awb-spacing-left-large:0px;--awb-width-medium:33.333333333333%;--awb-order-medium:0;--awb-spacing-right-medium:0px;--awb-spacing-left-medium:0px;--awb-width-small:100%;--awb-order-small:0;--awb-spacing-right-small:0px;--awb-spacing-left-small:0px;\"><div class=\"fusion-column-wrapper fusion-column-has-shadow fusion-flex-justify-content-flex-start fusion-content-layout-column\"><\/div><\/div><div class=\"fusion-layout-column fusion_builder_column fusion-builder-column-1 fusion_builder_column_1_3 1_3 fusion-flex-column\" style=\"--awb-padding-top:10%;--awb-padding-right:10%;--awb-padding-bottom:10%;--awb-padding-left:10%;--awb-bg-color:var(--awb-color5);--awb-bg-color-hover:var(--awb-color5);--awb-bg-size:cover;--awb-width-large:33.333333333333%;--awb-margin-top-large:0px;--awb-spacing-right-large:0px;--awb-margin-bottom-large:0px;--awb-spacing-left-large:0px;--awb-width-medium:33.333333333333%;--awb-order-medium:0;--awb-spacing-right-medium:0px;--awb-spacing-left-medium:0px;--awb-width-small:100%;--awb-order-small:0;--awb-spacing-right-small:0px;--awb-spacing-left-small:0px;\" data-scroll-devices=\"small-visibility,medium-visibility,large-visibility\"><div class=\"fusion-column-wrapper fusion-column-has-shadow fusion-flex-justify-content-flex-start fusion-content-layout-column\"><div class=\"fusion-title title fusion-title-1 fusion-sep-none fusion-title-center fusion-title-text fusion-title-size-three\" style=\"--awb-text-color:var(--awb-color1);--awb-margin-top-small:10px;--awb-margin-right-small:0px;--awb-margin-bottom-small:10px;--awb-margin-left-small:0px;\"><h3 class=\"fusion-title-heading title-heading-center\" style=\"margin:0;\">Privacy Notice<\/h3><\/div><\/div><\/div><div class=\"fusion-layout-column fusion_builder_column fusion-builder-column-2 fusion_builder_column_1_3 1_3 fusion-flex-column\" style=\"--awb-padding-top:10%;--awb-padding-right:10%;--awb-padding-bottom:10%;--awb-padding-left:10%;--awb-bg-size:cover;--awb-width-large:33.333333333333%;--awb-margin-top-large:0px;--awb-spacing-right-large:0px;--awb-margin-bottom-large:0px;--awb-spacing-left-large:0px;--awb-width-medium:33.333333333333%;--awb-order-medium:0;--awb-spacing-right-medium:0px;--awb-spacing-left-medium:0px;--awb-width-small:100%;--awb-order-small:0;--awb-spacing-right-small:0px;--awb-spacing-left-small:0px;\"><div class=\"fusion-column-wrapper fusion-column-has-shadow fusion-flex-justify-content-flex-start fusion-content-layout-column\"><\/div><\/div><\/div><\/div><div class=\"fusion-fullwidth fullwidth-box fusion-builder-row-2 fusion-flex-container has-pattern-background has-mask-background nonhundred-percent-fullwidth non-hundred-percent-height-scrolling\" style=\"--awb-border-radius-top-left:0px;--awb-border-radius-top-right:0px;--awb-border-radius-bottom-right:0px;--awb-border-radius-bottom-left:0px;--awb-margin-top:4%;--awb-flex-wrap:wrap;\" ><div class=\"fusion-builder-row fusion-row fusion-flex-align-items-flex-start fusion-flex-content-wrap\" style=\"max-width:1248px;margin-left: calc(-4% \/ 2 );margin-right: calc(-4% \/ 2 );\"><div class=\"fusion-layout-column fusion_builder_column fusion-builder-column-3 fusion_builder_column_1_1 1_1 fusion-flex-column\" style=\"--awb-bg-size:cover;--awb-width-large:100%;--awb-margin-top-large:0px;--awb-spacing-right-large:1.92%;--awb-margin-bottom-large:20px;--awb-spacing-left-large:1.92%;--awb-width-medium:100%;--awb-order-medium:0;--awb-spacing-right-medium:1.92%;--awb-spacing-left-medium:1.92%;--awb-width-small:100%;--awb-order-small:0;--awb-spacing-right-small:1.92%;--awb-spacing-left-small:1.92%;\"><div class=\"fusion-column-wrapper fusion-column-has-shadow fusion-flex-justify-content-flex-start fusion-content-layout-column\"><div class=\"fusion-text fusion-text-1\"><p>Terminal Istanbul<\/p>\n<\/div><div class=\"fusion-title title fusion-title-2 fusion-sep-none fusion-title-text fusion-title-size-three\" style=\"--awb-margin-top-small:10px;--awb-margin-right-small:0px;--awb-margin-bottom-small:10px;--awb-margin-left-small:0px;\"><h3 class=\"fusion-title-heading title-heading-left\" style=\"margin:0;\">Privacy Notice<\/h3><\/div><div class=\"fusion-text fusion-text-2\"><h4>1. Data Controller<\/h4>\n<p>Pursuant to the Personal Data Protection Law No. 6698 (\u201cKVKK\u201d), your personal data may be processed by Bili\u015fim Vadisi Teknopark Y\u00f6netici Anonim \u015eirketi, acting as the data controller, within the scope explained below.<\/p>\n<h4>2. Personal Data Processed<\/h4>\n<p>When you use our website, the following personal data may be processed:<\/p>\n<ul>\n<li>Identity information (name, surname)<\/li>\n<li>Contact information (phone number, email address)<\/li>\n<li>Transaction security information (IP address, log records)<\/li>\n<li>Request and complaint information<\/li>\n<li>User transaction information (website usage data, cookie data)<\/li>\n<\/ul>\n<h4>3. Purposes of Processing Personal Data<\/h4>\n<p>Your collected personal data are processed for the following purposes:<\/p>\n<ul>\n<li>Evaluating requests and applications submitted via the website<\/li>\n<li>Providing information about services<\/li>\n<li>Conducting communication activities<\/li>\n<li>Ensuring website security<\/li>\n<li>Fulfilling legal obligations<\/li>\n<li>Improving service quality and enhancing user experience<\/li>\n<\/ul>\n<h4>4. Transfer of Personal Data<\/h4>\n<p>Your personal data may be transferred:<\/p>\n<ul>\n<li>To authorized public institutions and organizations,<\/li>\n<li>To relevant authorities for the fulfillment of legal obligations,<\/li>\n<li>To information technology and technical infrastructure service providers from whom services are received,<\/li>\n<\/ul>\n<p>in accordance with Articles 8 and 9 of the KVKK.<\/p>\n<h4>5. Method and Legal Basis for Collecting Personal Data<\/h4>\n<p>Your personal data are collected electronically through:<\/p>\n<ul>\n<li>Website contact forms<\/li>\n<li>Email<\/li>\n<li>Cookies<\/li>\n<li>Automatic recording systems<\/li>\n<\/ul>\n<p>Your data are processed based on the legal grounds specified in Article 5 of the KVKK:<\/p>\n<ul>\n<li>Fulfillment of the legal obligations of the data controller,<\/li>\n<li>Being directly related to the establishment or performance of a contract,<\/li>\n<li>Legitimate interest,<\/li>\n<li>Explicit consent where necessary.<\/li>\n<\/ul>\n<h4>6. Your Rights Under the KVKK<\/h4>\n<p>According to Article 11 of the KVKK, as a data subject you have the following rights:<\/p>\n<ul>\n<li>To learn whether your personal data are processed<\/li>\n<li>To request information if they have been processed<\/li>\n<li>To learn the purpose of processing and whether they are used in accordance with that purpose<\/li>\n<li>To know the third parties to whom personal data are transferred domestically or abroad<\/li>\n<li>To request correction if they are processed incompletely or inaccurately<\/li>\n<li>To request deletion or destruction under the conditions stipulated in the KVKK<\/li>\n<li>To request notification of the transactions made to third parties to whom the data have been transferred<\/li>\n<li>To object to the emergence of a result against you through analysis of processed data exclusively by automated systems<\/li>\n<li>To request compensation for damages in case you suffer damage due to unlawful processing<\/li>\n<\/ul>\n<h4>7. Application Method<\/h4>\n<p>You may submit your requests regarding your rights mentioned above:<\/p>\n<ul>\n<li>By visiting our company at Muallimk\u00f6y Mh. Deniz Cd. No:143\/5 41400 Gebze\/Kocaeli,<\/li>\n<li>By sending an email to muallimkoy.bilisimvadisi@hs01.kep.tr,<\/li>\n<li>By sending an email to info@terminal.istanbul or info@bilisimvadisi.com.tr.<\/li>\n<\/ul>\n<p>Your applications will be concluded within the period stipulated in the relevant legislation.<\/p>\n<\/div><\/div><\/div><\/div><\/div><\/p>\n","protected":false},"excerpt":{"rendered":"","protected":false},"author":3,"featured_media":648,"parent":0,"menu_order":0,"comment_status":"closed","ping_status":"closed","template":"100-width.php","meta":{"footnotes":""},"class_list":["post-651","page","type-page","status-publish","has-post-thumbnail","hentry"],"yoast_head":"<!-- This site is optimized with the Yoast SEO plugin v27.4 - https:\/\/yoast.com\/product\/yoast-seo-wordpress\/ -->\n<title>Privacy Notice - Terminal \u0130stanbul<\/title>\n<meta name=\"robots\" content=\"index, follow, max-snippet:-1, max-image-preview:large, max-video-preview:-1\" \/>\n<link rel=\"canonical\" href=\"https:\/\/terminal.istanbul\/en\/privacy-notice\/\" \/>\n<meta property=\"og:locale\" content=\"tr_TR\" \/>\n<meta property=\"og:type\" content=\"article\" \/>\n<meta property=\"og:title\" content=\"Privacy Notice - Terminal \u0130stanbul\" \/>\n<meta property=\"og:url\" content=\"https:\/\/terminal.istanbul\/en\/privacy-notice\/\" \/>\n<meta property=\"og:site_name\" content=\"Terminal \u0130stanbul\" \/>\n<meta property=\"article:modified_time\" content=\"2026-03-16T13:21:25+00:00\" \/>\n<meta property=\"og:image\" content=\"https:\/\/terminal.istanbul\/en\/wp-content\/uploads\/2026\/03\/terminal-istanbul-aydinlatma-metni.jpg\" \/>\n\t<meta property=\"og:image:width\" content=\"1920\" \/>\n\t<meta property=\"og:image:height\" content=\"700\" \/>\n\t<meta property=\"og:image:type\" content=\"image\/jpeg\" \/>\n<meta name=\"twitter:card\" content=\"summary_large_image\" \/>\n<meta name=\"twitter:site\" content=\"@termnalistanbul\" \/>\n<meta name=\"twitter:label1\" content=\"Tahmini okuma s\u00fcresi\" \/>\n\t<meta name=\"twitter:data1\" content=\"3 dakika\" \/>\n<script type=\"application\/ld+json\" class=\"yoast-schema-graph\">{\"@context\":\"https:\\\/\\\/schema.org\",\"@graph\":[{\"@type\":\"WebPage\",\"@id\":\"https:\\\/\\\/terminal.istanbul\\\/en\\\/privacy-notice\\\/\",\"url\":\"https:\\\/\\\/terminal.istanbul\\\/en\\\/privacy-notice\\\/\",\"name\":\"Privacy Notice - Terminal \u0130stanbul\",\"isPartOf\":{\"@id\":\"https:\\\/\\\/terminal.istanbul\\\/en\\\/#website\"},\"primaryImageOfPage\":{\"@id\":\"https:\\\/\\\/terminal.istanbul\\\/en\\\/privacy-notice\\\/#primaryimage\"},\"image\":{\"@id\":\"https:\\\/\\\/terminal.istanbul\\\/en\\\/privacy-notice\\\/#primaryimage\"},\"thumbnailUrl\":\"https:\\\/\\\/terminal.istanbul\\\/en\\\/wp-content\\\/uploads\\\/2026\\\/03\\\/terminal-istanbul-aydinlatma-metni.jpg\",\"datePublished\":\"2026-03-16T12:35:07+00:00\",\"dateModified\":\"2026-03-16T13:21:25+00:00\",\"breadcrumb\":{\"@id\":\"https:\\\/\\\/terminal.istanbul\\\/en\\\/privacy-notice\\\/#breadcrumb\"},\"inLanguage\":\"tr\",\"potentialAction\":[{\"@type\":\"ReadAction\",\"target\":[\"https:\\\/\\\/terminal.istanbul\\\/en\\\/privacy-notice\\\/\"]}]},{\"@type\":\"ImageObject\",\"inLanguage\":\"tr\",\"@id\":\"https:\\\/\\\/terminal.istanbul\\\/en\\\/privacy-notice\\\/#primaryimage\",\"url\":\"https:\\\/\\\/terminal.istanbul\\\/en\\\/wp-content\\\/uploads\\\/2026\\\/03\\\/terminal-istanbul-aydinlatma-metni.jpg\",\"contentUrl\":\"https:\\\/\\\/terminal.istanbul\\\/en\\\/wp-content\\\/uploads\\\/2026\\\/03\\\/terminal-istanbul-aydinlatma-metni.jpg\",\"width\":1920,\"height\":700},{\"@type\":\"BreadcrumbList\",\"@id\":\"https:\\\/\\\/terminal.istanbul\\\/en\\\/privacy-notice\\\/#breadcrumb\",\"itemListElement\":[{\"@type\":\"ListItem\",\"position\":1,\"name\":\"Anasayfa\",\"item\":\"https:\\\/\\\/terminal.istanbul\\\/en\\\/\"},{\"@type\":\"ListItem\",\"position\":2,\"name\":\"Privacy Notice\"}]},{\"@type\":\"WebSite\",\"@id\":\"https:\\\/\\\/terminal.istanbul\\\/en\\\/#website\",\"url\":\"https:\\\/\\\/terminal.istanbul\\\/en\\\/\",\"name\":\"Terminal \u0130stanbul\",\"description\":\"Teknolojinin, K\u00fclt\u00fcr\u00fcn ve Gelece\u011fin Kesi\u015fim Noktas\u0131\",\"publisher\":{\"@id\":\"https:\\\/\\\/terminal.istanbul\\\/en\\\/#organization\"},\"alternateName\":\"Terminal \u0130stanbul Kurumsal Web Sitesi\",\"potentialAction\":[{\"@type\":\"SearchAction\",\"target\":{\"@type\":\"EntryPoint\",\"urlTemplate\":\"https:\\\/\\\/terminal.istanbul\\\/en\\\/?s={search_term_string}\"},\"query-input\":{\"@type\":\"PropertyValueSpecification\",\"valueRequired\":true,\"valueName\":\"search_term_string\"}}],\"inLanguage\":\"tr\"},{\"@type\":\"Organization\",\"@id\":\"https:\\\/\\\/terminal.istanbul\\\/en\\\/#organization\",\"name\":\"Terminal \u0130stanbul\",\"alternateName\":\"Terminal \u0130stanbul Kurumsal Web Sitesi\",\"url\":\"https:\\\/\\\/terminal.istanbul\\\/en\\\/\",\"logo\":{\"@type\":\"ImageObject\",\"inLanguage\":\"tr\",\"@id\":\"https:\\\/\\\/terminal.istanbul\\\/en\\\/#\\\/schema\\\/logo\\\/image\\\/\",\"url\":\"https:\\\/\\\/terminal.istanbul\\\/wp-content\\\/uploads\\\/2025\\\/11\\\/Terminal_Istanbul_Logo_C.png\",\"contentUrl\":\"https:\\\/\\\/terminal.istanbul\\\/wp-content\\\/uploads\\\/2025\\\/11\\\/Terminal_Istanbul_Logo_C.png\",\"width\":512,\"height\":165,\"caption\":\"Terminal \u0130stanbul\"},\"image\":{\"@id\":\"https:\\\/\\\/terminal.istanbul\\\/en\\\/#\\\/schema\\\/logo\\\/image\\\/\"},\"sameAs\":[\"https:\\\/\\\/x.com\\\/termnalistanbul\",\"https:\\\/\\\/www.linkedin.com\\\/company\\\/107627044\\\/admin\\\/dashboard\\\/\",\"https:\\\/\\\/www.instagram.com\\\/terminal_istanbul\\\/\"]}]}<\/script>\n<!-- \/ Yoast SEO plugin. -->","yoast_head_json":{"title":"Privacy Notice - Terminal \u0130stanbul","robots":{"index":"index","follow":"follow","max-snippet":"max-snippet:-1","max-image-preview":"max-image-preview:large","max-video-preview":"max-video-preview:-1"},"canonical":"https:\/\/terminal.istanbul\/en\/privacy-notice\/","og_locale":"tr_TR","og_type":"article","og_title":"Privacy Notice - Terminal \u0130stanbul","og_url":"https:\/\/terminal.istanbul\/en\/privacy-notice\/","og_site_name":"Terminal \u0130stanbul","article_modified_time":"2026-03-16T13:21:25+00:00","og_image":[{"width":1920,"height":700,"url":"https:\/\/terminal.istanbul\/en\/wp-content\/uploads\/2026\/03\/terminal-istanbul-aydinlatma-metni.jpg","type":"image\/jpeg"}],"twitter_card":"summary_large_image","twitter_site":"@termnalistanbul","twitter_misc":{"Tahmini okuma s\u00fcresi":"3 dakika"},"schema":{"@context":"https:\/\/schema.org","@graph":[{"@type":"WebPage","@id":"https:\/\/terminal.istanbul\/en\/privacy-notice\/","url":"https:\/\/terminal.istanbul\/en\/privacy-notice\/","name":"Privacy Notice - Terminal \u0130stanbul","isPartOf":{"@id":"https:\/\/terminal.istanbul\/en\/#website"},"primaryImageOfPage":{"@id":"https:\/\/terminal.istanbul\/en\/privacy-notice\/#primaryimage"},"image":{"@id":"https:\/\/terminal.istanbul\/en\/privacy-notice\/#primaryimage"},"thumbnailUrl":"https:\/\/terminal.istanbul\/en\/wp-content\/uploads\/2026\/03\/terminal-istanbul-aydinlatma-metni.jpg","datePublished":"2026-03-16T12:35:07+00:00","dateModified":"2026-03-16T13:21:25+00:00","breadcrumb":{"@id":"https:\/\/terminal.istanbul\/en\/privacy-notice\/#breadcrumb"},"inLanguage":"tr","potentialAction":[{"@type":"ReadAction","target":["https:\/\/terminal.istanbul\/en\/privacy-notice\/"]}]},{"@type":"ImageObject","inLanguage":"tr","@id":"https:\/\/terminal.istanbul\/en\/privacy-notice\/#primaryimage","url":"https:\/\/terminal.istanbul\/en\/wp-content\/uploads\/2026\/03\/terminal-istanbul-aydinlatma-metni.jpg","contentUrl":"https:\/\/terminal.istanbul\/en\/wp-content\/uploads\/2026\/03\/terminal-istanbul-aydinlatma-metni.jpg","width":1920,"height":700},{"@type":"BreadcrumbList","@id":"https:\/\/terminal.istanbul\/en\/privacy-notice\/#breadcrumb","itemListElement":[{"@type":"ListItem","position":1,"name":"Anasayfa","item":"https:\/\/terminal.istanbul\/en\/"},{"@type":"ListItem","position":2,"name":"Privacy Notice"}]},{"@type":"WebSite","@id":"https:\/\/terminal.istanbul\/en\/#website","url":"https:\/\/terminal.istanbul\/en\/","name":"Terminal \u0130stanbul","description":"Teknolojinin, K\u00fclt\u00fcr\u00fcn ve Gelece\u011fin Kesi\u015fim Noktas\u0131","publisher":{"@id":"https:\/\/terminal.istanbul\/en\/#organization"},"alternateName":"Terminal \u0130stanbul Kurumsal Web Sitesi","potentialAction":[{"@type":"SearchAction","target":{"@type":"EntryPoint","urlTemplate":"https:\/\/terminal.istanbul\/en\/?s={search_term_string}"},"query-input":{"@type":"PropertyValueSpecification","valueRequired":true,"valueName":"search_term_string"}}],"inLanguage":"tr"},{"@type":"Organization","@id":"https:\/\/terminal.istanbul\/en\/#organization","name":"Terminal \u0130stanbul","alternateName":"Terminal \u0130stanbul Kurumsal Web Sitesi","url":"https:\/\/terminal.istanbul\/en\/","logo":{"@type":"ImageObject","inLanguage":"tr","@id":"https:\/\/terminal.istanbul\/en\/#\/schema\/logo\/image\/","url":"https:\/\/terminal.istanbul\/wp-content\/uploads\/2025\/11\/Terminal_Istanbul_Logo_C.png","contentUrl":"https:\/\/terminal.istanbul\/wp-content\/uploads\/2025\/11\/Terminal_Istanbul_Logo_C.png","width":512,"height":165,"caption":"Terminal \u0130stanbul"},"image":{"@id":"https:\/\/terminal.istanbul\/en\/#\/schema\/logo\/image\/"},"sameAs":["https:\/\/x.com\/termnalistanbul","https:\/\/www.linkedin.com\/company\/107627044\/admin\/dashboard\/","https:\/\/www.instagram.com\/terminal_istanbul\/"]}]}},"_links":{"self":[{"href":"https:\/\/terminal.istanbul\/en\/wp-json\/wp\/v2\/pages\/651","targetHints":{"allow":["GET"]}}],"collection":[{"href":"https:\/\/terminal.istanbul\/en\/wp-json\/wp\/v2\/pages"}],"about":[{"href":"https:\/\/terminal.istanbul\/en\/wp-json\/wp\/v2\/types\/page"}],"author":[{"embeddable":true,"href":"https:\/\/terminal.istanbul\/en\/wp-json\/wp\/v2\/users\/3"}],"replies":[{"embeddable":true,"href":"https:\/\/terminal.istanbul\/en\/wp-json\/wp\/v2\/comments?post=651"}],"version-history":[{"count":9,"href":"https:\/\/terminal.istanbul\/en\/wp-json\/wp\/v2\/pages\/651\/revisions"}],"predecessor-version":[{"id":664,"href":"https:\/\/terminal.istanbul\/en\/wp-json\/wp\/v2\/pages\/651\/revisions\/664"}],"wp:featuredmedia":[{"embeddable":true,"href":"https:\/\/terminal.istanbul\/en\/wp-json\/wp\/v2\/media\/648"}],"wp:attachment":[{"href":"https:\/\/terminal.istanbul\/en\/wp-json\/wp\/v2\/media?parent=651"}],"curies":[{"name":"wp","href":"https:\/\/api.w.org\/{rel}","templated":true}]}}